{"id":353,"date":"2018-06-18T20:24:27","date_gmt":"2018-06-18T20:24:27","guid":{"rendered":"https:\/\/georgev.firmecreative.com\/a-propos\/"},"modified":"2019-07-18T18:34:19","modified_gmt":"2019-07-18T18:34:19","slug":"about-us","status":"publish","type":"page","link":"https:\/\/www.legeorge-v.com\/en\/about-us\/","title":{"rendered":"About us"},"content":{"rendered":"<h2>The chef<\/h2>\n<p>Heinrich Meesen has more than 20 years of experience as Executive Chef in several major hotels where he has developed a great expertise in the management and organization of banquet events of different sizes. Showcasing local products, its cuisine allows foreign customers to discover the flavors of our land, and people here to rediscover!<\/p>\n<h2>Mission<\/h2>\n<div class=\"frame\">\n<div class=\"page tlid-homepage homepage translate-text\">\n<div class=\"homepage-content-wrap\">\n<div class=\"tlid-source-target main-header\">\n<div class=\"source-target-row\">\n<div class=\"tlid-results-container results-container\">\n<div class=\"tlid-result result-dict-wrapper\">\n<div class=\"result tlid-copy-target\">\n<div class=\"text-wrap tlid-copy-target\">\n<h5 class=\"result-shield-container tlid-copy-target\"><span class=\"tlid-translation translation\"><span title=\"\">Gastronomy and pleasure shared in every bite<\/span><\/span><\/h5>\n<\/div>\n<\/div>\n<\/div>\n<\/div>\n<\/div>\n<\/div>\n<\/div>\n<\/div>\n<\/div>\n<p>The catering trade is first of all an art, a declination of know-how. Since \u00ab the table is the matchmaker of friendship \u00bb why not treat your guests to George V. The team will seduce you and your guests with both its talet and creativity for your personal or professional events.<\/p>\n<h2>Values<\/h2>\n<p>Collaboration, achievement,\u00a0 ethic and commitment.<\/p>\n<p>These values have for ultimate goal to guarantee excellence in every facet of our operations and deliver the highest possible level of customer satisfaction.<\/p>\n<h2>Our team<\/h2>\n<p>Our team pays special attention to your needs and offers customized menus depending on the desired theme.<\/p>\n<p>Company values:\u00a0respect, passion, fun and team spirit.<\/p>\n<p>These values aim to ensure excellence in every aspects of the operations and to achieve the highest level of customer satisfaction.<\/p>\n","protected":false},"excerpt":{"rendered":"<p>The chef Heinrich Meesen has more than 20 years of experience as Executive Chef in several major hotels where he has developed a great expertise in the management and organization of banquet events of different sizes. Showcasing local products, its cuisine allows foreign customers to discover the flavors of our land, and people here to [&hellip;]<\/p>\n","protected":false},"author":1,"featured_media":672,"parent":0,"menu_order":0,"comment_status":"closed","ping_status":"closed","template":"template-propos.php","meta":{"_acf_changed":false,"footnotes":""},"class_list":["post-353","page","type-page","status-publish","has-post-thumbnail","hentry"],"acf":[],"yoast_head":"<!-- This site is optimized with the Yoast SEO plugin v27.1.1 - https:\/\/yoast.com\/product\/yoast-seo-wordpress\/ -->\n<title>About us - George V Caterer<\/title>\n<meta name=\"description\" content=\"Based at H\u00f4tel Ch\u00e2teau Laurier Qu\u00e9bec, George V banquet and catering services offers delicious four-star restaurant-style menus.\" \/>\n<meta name=\"robots\" content=\"index, follow, max-snippet:-1, max-image-preview:large, max-video-preview:-1\" \/>\n<link rel=\"canonical\" href=\"https:\/\/www.legeorge-v.com\/en\/about-us\/\" \/>\n<meta property=\"og:locale\" content=\"en_US\" \/>\n<meta property=\"og:type\" content=\"article\" \/>\n<meta property=\"og:title\" content=\"About us - George V Caterer\" \/>\n<meta property=\"og:description\" content=\"Based at H\u00f4tel Ch\u00e2teau Laurier Qu\u00e9bec, George V banquet and catering services offers delicious four-star restaurant-style menus.\" \/>\n<meta property=\"og:url\" content=\"https:\/\/www.legeorge-v.com\/en\/about-us\/\" \/>\n<meta property=\"og:site_name\" content=\"Traiteur le George V\" \/>\n<meta property=\"article:modified_time\" content=\"2019-07-18T18:34:19+00:00\" \/>\n<meta property=\"og:image\" content=\"https:\/\/www.legeorge-v.com\/wp-content\/uploads\/2018\/07\/gv_118-modifier-copie.jpg\" \/>\n\t<meta property=\"og:image:width\" content=\"680\" \/>\n\t<meta property=\"og:image:height\" content=\"989\" \/>\n\t<meta property=\"og:image:type\" content=\"image\/jpeg\" \/>\n<meta name=\"twitter:card\" content=\"summary_large_image\" \/>\n<meta name=\"twitter:label1\" content=\"Est. reading time\" \/>\n\t<meta name=\"twitter:data1\" content=\"1 minute\" \/>\n<script type=\"application\/ld+json\" class=\"yoast-schema-graph\">{\"@context\":\"https:\/\/schema.org\",\"@graph\":[{\"@type\":\"WebPage\",\"@id\":\"https:\/\/www.legeorge-v.com\/en\/about-us\/\",\"url\":\"https:\/\/www.legeorge-v.com\/en\/about-us\/\",\"name\":\"About us - George V Caterer\",\"isPartOf\":{\"@id\":\"https:\/\/www.legeorge-v.com\/#website\"},\"primaryImageOfPage\":{\"@id\":\"https:\/\/www.legeorge-v.com\/en\/about-us\/#primaryimage\"},\"image\":{\"@id\":\"https:\/\/www.legeorge-v.com\/en\/about-us\/#primaryimage\"},\"thumbnailUrl\":\"https:\/\/www.legeorge-v.com\/wp-content\/uploads\/2018\/07\/gv_118-modifier-copie.jpg\",\"datePublished\":\"2018-06-18T20:24:27+00:00\",\"dateModified\":\"2019-07-18T18:34:19+00:00\",\"description\":\"Based at H\u00f4tel Ch\u00e2teau Laurier Qu\u00e9bec, George V banquet and catering services offers delicious four-star restaurant-style menus.\",\"breadcrumb\":{\"@id\":\"https:\/\/www.legeorge-v.com\/en\/about-us\/#breadcrumb\"},\"inLanguage\":\"en-US\",\"potentialAction\":[{\"@type\":\"ReadAction\",\"target\":[\"https:\/\/www.legeorge-v.com\/en\/about-us\/\"]}]},{\"@type\":\"ImageObject\",\"inLanguage\":\"en-US\",\"@id\":\"https:\/\/www.legeorge-v.com\/en\/about-us\/#primaryimage\",\"url\":\"https:\/\/www.legeorge-v.com\/wp-content\/uploads\/2018\/07\/gv_118-modifier-copie.jpg\",\"contentUrl\":\"https:\/\/www.legeorge-v.com\/wp-content\/uploads\/2018\/07\/gv_118-modifier-copie.jpg\",\"width\":680,\"height\":989},{\"@type\":\"BreadcrumbList\",\"@id\":\"https:\/\/www.legeorge-v.com\/en\/about-us\/#breadcrumb\",\"itemListElement\":[{\"@type\":\"ListItem\",\"position\":1,\"name\":\"Accueil\",\"item\":\"https:\/\/www.legeorge-v.com\/en\/\"},{\"@type\":\"ListItem\",\"position\":2,\"name\":\"About us\"}]},{\"@type\":\"WebSite\",\"@id\":\"https:\/\/www.legeorge-v.com\/#website\",\"url\":\"https:\/\/www.legeorge-v.com\/\",\"name\":\"Traiteur le George V\",\"description\":\"\",\"potentialAction\":[{\"@type\":\"SearchAction\",\"target\":{\"@type\":\"EntryPoint\",\"urlTemplate\":\"https:\/\/www.legeorge-v.com\/?s={search_term_string}\"},\"query-input\":{\"@type\":\"PropertyValueSpecification\",\"valueRequired\":true,\"valueName\":\"search_term_string\"}}],\"inLanguage\":\"en-US\"}]}<\/script>\n<!-- \/ Yoast SEO plugin. -->","yoast_head_json":{"title":"About us - George V Caterer","description":"Based at H\u00f4tel Ch\u00e2teau Laurier Qu\u00e9bec, George V banquet and catering services offers delicious four-star restaurant-style menus.","robots":{"index":"index","follow":"follow","max-snippet":"max-snippet:-1","max-image-preview":"max-image-preview:large","max-video-preview":"max-video-preview:-1"},"canonical":"https:\/\/www.legeorge-v.com\/en\/about-us\/","og_locale":"en_US","og_type":"article","og_title":"About us - George V Caterer","og_description":"Based at H\u00f4tel Ch\u00e2teau Laurier Qu\u00e9bec, George V banquet and catering services offers delicious four-star restaurant-style menus.","og_url":"https:\/\/www.legeorge-v.com\/en\/about-us\/","og_site_name":"Traiteur le George V","article_modified_time":"2019-07-18T18:34:19+00:00","og_image":[{"width":680,"height":989,"url":"https:\/\/www.legeorge-v.com\/wp-content\/uploads\/2018\/07\/gv_118-modifier-copie.jpg","type":"image\/jpeg"}],"twitter_card":"summary_large_image","twitter_misc":{"Est. reading time":"1 minute"},"schema":{"@context":"https:\/\/schema.org","@graph":[{"@type":"WebPage","@id":"https:\/\/www.legeorge-v.com\/en\/about-us\/","url":"https:\/\/www.legeorge-v.com\/en\/about-us\/","name":"About us - George V Caterer","isPartOf":{"@id":"https:\/\/www.legeorge-v.com\/#website"},"primaryImageOfPage":{"@id":"https:\/\/www.legeorge-v.com\/en\/about-us\/#primaryimage"},"image":{"@id":"https:\/\/www.legeorge-v.com\/en\/about-us\/#primaryimage"},"thumbnailUrl":"https:\/\/www.legeorge-v.com\/wp-content\/uploads\/2018\/07\/gv_118-modifier-copie.jpg","datePublished":"2018-06-18T20:24:27+00:00","dateModified":"2019-07-18T18:34:19+00:00","description":"Based at H\u00f4tel Ch\u00e2teau Laurier Qu\u00e9bec, George V banquet and catering services offers delicious four-star restaurant-style menus.","breadcrumb":{"@id":"https:\/\/www.legeorge-v.com\/en\/about-us\/#breadcrumb"},"inLanguage":"en-US","potentialAction":[{"@type":"ReadAction","target":["https:\/\/www.legeorge-v.com\/en\/about-us\/"]}]},{"@type":"ImageObject","inLanguage":"en-US","@id":"https:\/\/www.legeorge-v.com\/en\/about-us\/#primaryimage","url":"https:\/\/www.legeorge-v.com\/wp-content\/uploads\/2018\/07\/gv_118-modifier-copie.jpg","contentUrl":"https:\/\/www.legeorge-v.com\/wp-content\/uploads\/2018\/07\/gv_118-modifier-copie.jpg","width":680,"height":989},{"@type":"BreadcrumbList","@id":"https:\/\/www.legeorge-v.com\/en\/about-us\/#breadcrumb","itemListElement":[{"@type":"ListItem","position":1,"name":"Accueil","item":"https:\/\/www.legeorge-v.com\/en\/"},{"@type":"ListItem","position":2,"name":"About us"}]},{"@type":"WebSite","@id":"https:\/\/www.legeorge-v.com\/#website","url":"https:\/\/www.legeorge-v.com\/","name":"Traiteur le George V","description":"","potentialAction":[{"@type":"SearchAction","target":{"@type":"EntryPoint","urlTemplate":"https:\/\/www.legeorge-v.com\/?s={search_term_string}"},"query-input":{"@type":"PropertyValueSpecification","valueRequired":true,"valueName":"search_term_string"}}],"inLanguage":"en-US"}]}},"publishpress_future_action":{"enabled":false,"date":"2026-05-07 05:31:41","action":"change-status","newStatus":"draft","terms":[],"taxonomy":"translation_priority","extraData":[]},"publishpress_future_workflow_manual_trigger":{"enabledWorkflows":[]},"_links":{"self":[{"href":"https:\/\/www.legeorge-v.com\/en\/wp-json\/wp\/v2\/pages\/353","targetHints":{"allow":["GET"]}}],"collection":[{"href":"https:\/\/www.legeorge-v.com\/en\/wp-json\/wp\/v2\/pages"}],"about":[{"href":"https:\/\/www.legeorge-v.com\/en\/wp-json\/wp\/v2\/types\/page"}],"author":[{"embeddable":true,"href":"https:\/\/www.legeorge-v.com\/en\/wp-json\/wp\/v2\/users\/1"}],"replies":[{"embeddable":true,"href":"https:\/\/www.legeorge-v.com\/en\/wp-json\/wp\/v2\/comments?post=353"}],"version-history":[{"count":7,"href":"https:\/\/www.legeorge-v.com\/en\/wp-json\/wp\/v2\/pages\/353\/revisions"}],"predecessor-version":[{"id":1138,"href":"https:\/\/www.legeorge-v.com\/en\/wp-json\/wp\/v2\/pages\/353\/revisions\/1138"}],"wp:featuredmedia":[{"embeddable":true,"href":"https:\/\/www.legeorge-v.com\/en\/wp-json\/wp\/v2\/media\/672"}],"wp:attachment":[{"href":"https:\/\/www.legeorge-v.com\/en\/wp-json\/wp\/v2\/media?parent=353"}],"curies":[{"name":"wp","href":"https:\/\/api.w.org\/{rel}","templated":true}]}}